{"id":3729,"date":"2024-07-14T21:32:14","date_gmt":"2024-07-15T04:32:14","guid":{"rendered":"https:\/\/getthereswwashington.org\/?page_id=3729"},"modified":"2025-10-15T11:15:09","modified_gmt":"2025-10-15T18:15:09","slug":"welcome-to-get-there-vancouver-confirm","status":"publish","type":"page","link":"https:\/\/getthereswwashington.org\/es\/welcome-to-get-there-vancouver-confirm\/","title":{"rendered":"Bienvenido a Get There Vancouver \u2013 Confirmaci\u00f3n"},"content":{"rendered":"<div data-elementor-type=\"wp-page\" data-elementor-id=\"3729\" class=\"elementor elementor-3729\" data-elementor-post-type=\"page\">\n\t\t\t\t\t\t<section class=\"elementor-section elementor-top-section elementor-element elementor-element-cc13c5a elementor-section-full_width elementor-section-height-default elementor-section-height-default\" data-id=\"cc13c5a\" data-element_type=\"section\" data-e-type=\"section\">\n\t\t\t\t\t\t<div class=\"elementor-container elementor-column-gap-default\">\n\t\t\t\t\t<div class=\"elementor-column elementor-col-50 elementor-top-column elementor-element elementor-element-809149f\" data-id=\"809149f\" data-element_type=\"column\" data-e-type=\"column\" data-settings=\"{&quot;background_background&quot;:&quot;classic&quot;}\">\n\t\t\t<div class=\"elementor-widget-wrap elementor-element-populated\">\n\t\t\t\t\t\t<div class=\"elementor-element elementor-element-5e44853 elementor-widget elementor-widget-heading\" data-id=\"5e44853\" data-element_type=\"widget\" data-e-type=\"widget\" data-widget_type=\"heading.default\">\n\t\t\t\t<div class=\"elementor-widget-container\">\n\t\t\t\t\t<h1 class=\"elementor-heading-title elementor-size-default\">Encuentre nuevas formas de explorar su comunidad<\/h1>\t\t\t\t<\/div>\n\t\t\t\t<\/div>\n\t\t\t\t<div class=\"elementor-element elementor-element-7dae4d16 elementor-widget elementor-widget-text-editor\" data-id=\"7dae4d16\" data-element_type=\"widget\" data-e-type=\"widget\" data-widget_type=\"text-editor.default\">\n\t\t\t\t<div class=\"elementor-widget-container\">\n\t\t\t\t\t\t\t\t\t<p>Si te mudaste recientemente a Vancouver o a tu zona, Get There Vancouver est\u00e1 aqu\u00ed para ayudarte a explorar tu comunidad y sus alrededores. \u00a1Descubre las opciones de viaje que te ofrece tu vecindario! <b>Al registrarte, recibir\u00e1s acceso GRATUITO a:<\/b><\/p>\n<ul>\n<li>A <b>Kit de transporte de su elecci\u00f3n<\/b>, ya sea un Hop Fastpass cargado con 5 pases diarios regionales para usar en C-TRAN y TriMet, una tarjeta de regalo $25 para Bike Clark County, un pase Lyft $25 o un kit de seguridad para peatones con un chaleco reflectante, una luz intermitente y cordones de zapatos.&nbsp;<\/li>\n<li>Recursos de transporte personalizados, como un mapa de autobuses y bicicletas.<\/li>\n<li>Eventos exclusivos en tu comunidad, como caminatas por el vecindario y aventuras en tr\u00e1nsito.<\/li>\n<li>Premios continuos, como tarjetas de regalo de empresas locales y obsequios de marca.<\/li>\n<li>Apoyo en la planificaci\u00f3n de viajes.<\/li>\n<\/ul>\t\t\t\t\t\t\t\t<\/div>\n\t\t\t\t<\/div>\n\t\t\t\t\t<\/div>\n\t\t<\/div>\n\t\t\t\t<div class=\"elementor-column elementor-col-50 elementor-top-column elementor-element elementor-element-278e9ee\" data-id=\"278e9ee\" data-element_type=\"column\" data-e-type=\"column\" data-settings=\"{&quot;background_background&quot;:&quot;classic&quot;}\">\n\t\t\t<div class=\"elementor-widget-wrap\">\n\t\t\t\t\t\t\t<\/div>\n\t\t<\/div>\n\t\t\t\t\t<\/div>\n\t\t<\/section>\n\t\t\t\t<section class=\"elementor-section elementor-top-section elementor-element elementor-element-405ef501 elementor-section-boxed elementor-section-height-default elementor-section-height-default\" data-id=\"405ef501\" data-element_type=\"section\" data-e-type=\"section\" data-settings=\"{&quot;background_background&quot;:&quot;classic&quot;}\">\n\t\t\t\t\t\t<div class=\"elementor-container elementor-column-gap-default\">\n\t\t\t\t\t<div class=\"elementor-column elementor-col-100 elementor-top-column elementor-element elementor-element-77f53e9f\" data-id=\"77f53e9f\" data-element_type=\"column\" data-e-type=\"column\">\n\t\t\t<div class=\"elementor-widget-wrap\">\n\t\t\t\t\t\t\t<\/div>\n\t\t<\/div>\n\t\t\t\t\t<\/div>\n\t\t<\/section>\n\t\t\t\t<section class=\"elementor-section elementor-top-section elementor-element elementor-element-43867a6 elementor-section-boxed elementor-section-height-default elementor-section-height-default\" data-id=\"43867a6\" data-element_type=\"section\" data-e-type=\"section\" data-settings=\"{&quot;background_background&quot;:&quot;classic&quot;}\">\n\t\t\t\t\t\t\t<div class=\"elementor-background-overlay\"><\/div>\n\t\t\t\t\t\t\t<div class=\"elementor-container elementor-column-gap-default\">\n\t\t\t\t\t<div class=\"elementor-column elementor-col-100 elementor-top-column elementor-element elementor-element-0f3a413\" data-id=\"0f3a413\" data-element_type=\"column\" data-e-type=\"column\">\n\t\t\t<div class=\"elementor-widget-wrap elementor-element-populated\">\n\t\t\t\t\t\t<div class=\"elementor-element elementor-element-beb42b9 elementor-widget elementor-widget-text-editor\" data-id=\"beb42b9\" data-element_type=\"widget\" data-e-type=\"widget\" data-widget_type=\"text-editor.default\">\n\t\t\t\t<div class=\"elementor-widget-container\">\n\t\t\t\t\t\t\t\t\t<p style=\"text-align: center;\">\u00a1Gracias por registrarte en Get There Vancouver! Pronto recibir\u00e1s un correo electr\u00f3nico de bienvenida de TravelOptionsProgram@cityofvancouver.us con informaci\u00f3n sobre tu kit de transporte y c\u00f3mo usarlo. Si no recibes nuestro correo ma\u00f1ana, av\u00edsanos. Aseg\u00farate de revisar tu carpeta de correo no deseado y agregarnos a tu lista de contactos.<\/p><p style=\"text-align: center; font-size: 1.25rem;\"><strong><a href=\"https:\/\/getthereswwashington.org\/es\/welcome-to-get-there-vancouver-demographics\/\">\u00bfTiene tiempo para responder algunas preguntas m\u00e1s? \u00a1Haga clic aqu\u00ed!<\/a><\/strong><\/p>\t\t\t\t\t\t\t\t<\/div>\n\t\t\t\t<\/div>\n\t\t\t\t<div class=\"elementor-element elementor-element-396376d campaign-footer elementor-widget elementor-widget-text-editor\" data-id=\"396376d\" data-element_type=\"widget\" data-e-type=\"widget\" data-widget_type=\"text-editor.default\">\n\t\t\t\t<div class=\"elementor-widget-container\">\n\t\t\t\t\t\t\t\t\t<p>\u00bfPreguntas? Env\u00edanos un email a <a href=\"mailto:TravelOptionsProgram@cityofvancouver.us\">TravelOptionsProgram@cityofvancouver.us<\/a>.<br \/>Obtenga m\u00e1s informaci\u00f3n sobre el Programa de opciones de viaje de la ciudad de Vancouver <a href=\"https:\/\/www.cityofvancouver.us\/business\/planning-development-and-zoning\/transportation-planning\/travel-options-program\/\">aqu\u00ed<\/a>.\u00a0<\/p>\t\t\t\t\t\t\t\t<\/div>\n\t\t\t\t<\/div>\n\t\t\t\t\t<\/div>\n\t\t<\/div>\n\t\t\t\t\t<\/div>\n\t\t<\/section>\n\t\t\t\t<\/div>","protected":false},"excerpt":{"rendered":"<p>Find new ways to explore your community\u200b As a person who recently moved to or within Vancouver, Get There Vancouver is here to help you get around your community and beyond. Discover what travel options your neighborhood has to offer! By signing up, you\u2019ll receive FREE access to: A transportation kit of your choice, either [&hellip;]<\/p>\n","protected":false},"author":14,"featured_media":0,"parent":0,"menu_order":0,"comment_status":"closed","ping_status":"closed","template":"","meta":{"_monsterinsights_skip_tracking":false,"_monsterinsights_sitenote_active":false,"_monsterinsights_sitenote_note":"","_monsterinsights_sitenote_category":0,"footnotes":""},"class_list":["post-3729","page","type-page","status-publish","hentry"],"yoast_head":"<!-- This site is optimized with the Yoast SEO plugin v27.4 - https:\/\/yoast.com\/product\/yoast-seo-wordpress\/ -->\n<title>Welcome to Get There Vancouver - Confirmation - Get There Southwest WA<\/title>\n<meta name=\"robots\" content=\"index, follow, max-snippet:-1, max-image-preview:large, max-video-preview:-1\" \/>\n<link rel=\"canonical\" href=\"https:\/\/getthereswwashington.org\/es\/welcome-to-get-there-vancouver-confirm\/\" \/>\n<meta property=\"og:locale\" content=\"es_MX\" \/>\n<meta property=\"og:type\" content=\"article\" \/>\n<meta property=\"og:title\" content=\"Welcome to Get There Vancouver - Confirmation - Get There Southwest WA\" \/>\n<meta property=\"og:description\" content=\"Find new ways to explore your community\u200b As a person who recently moved to or within Vancouver, Get There Vancouver is here to help you get around your community and beyond. Discover what travel options your neighborhood has to offer! By signing up, you\u2019ll receive FREE access to: A transportation kit of your choice, either [&hellip;]\" \/>\n<meta property=\"og:url\" content=\"https:\/\/getthereswwashington.org\/es\/welcome-to-get-there-vancouver-confirm\/\" \/>\n<meta property=\"og:site_name\" content=\"Get There Southwest WA\" \/>\n<meta property=\"article:modified_time\" content=\"2025-10-15T18:15:09+00:00\" \/>\n<meta name=\"twitter:card\" content=\"summary_large_image\" \/>\n<meta name=\"twitter:label1\" content=\"Tiempo de lectura\" \/>\n\t<meta name=\"twitter:data1\" content=\"1 minuto\" \/>\n<script type=\"application\/ld+json\" class=\"yoast-schema-graph\">{\"@context\":\"https:\\\/\\\/schema.org\",\"@graph\":[{\"@type\":\"WebPage\",\"@id\":\"https:\\\/\\\/getthereswwashington.org\\\/welcome-to-get-there-vancouver-confirm\\\/\",\"url\":\"https:\\\/\\\/getthereswwashington.org\\\/welcome-to-get-there-vancouver-confirm\\\/\",\"name\":\"Welcome to Get There Vancouver - Confirmation - Get There Southwest WA\",\"isPartOf\":{\"@id\":\"https:\\\/\\\/getthereswwashington.org\\\/#website\"},\"datePublished\":\"2024-07-15T04:32:14+00:00\",\"dateModified\":\"2025-10-15T18:15:09+00:00\",\"breadcrumb\":{\"@id\":\"https:\\\/\\\/getthereswwashington.org\\\/welcome-to-get-there-vancouver-confirm\\\/#breadcrumb\"},\"inLanguage\":\"es\",\"potentialAction\":[{\"@type\":\"ReadAction\",\"target\":[\"https:\\\/\\\/getthereswwashington.org\\\/welcome-to-get-there-vancouver-confirm\\\/\"]}]},{\"@type\":\"BreadcrumbList\",\"@id\":\"https:\\\/\\\/getthereswwashington.org\\\/welcome-to-get-there-vancouver-confirm\\\/#breadcrumb\",\"itemListElement\":[{\"@type\":\"ListItem\",\"position\":1,\"name\":\"Home\",\"item\":\"https:\\\/\\\/getthereswwashington.org\\\/\"},{\"@type\":\"ListItem\",\"position\":2,\"name\":\"Welcome to Get There Vancouver &#8211; Confirmation\"}]},{\"@type\":\"WebSite\",\"@id\":\"https:\\\/\\\/getthereswwashington.org\\\/#website\",\"url\":\"https:\\\/\\\/getthereswwashington.org\\\/\",\"name\":\"Get There Southwest WA\",\"description\":\"\",\"publisher\":{\"@id\":\"https:\\\/\\\/getthereswwashington.org\\\/#organization\"},\"potentialAction\":[{\"@type\":\"SearchAction\",\"target\":{\"@type\":\"EntryPoint\",\"urlTemplate\":\"https:\\\/\\\/getthereswwashington.org\\\/?s={search_term_string}\"},\"query-input\":{\"@type\":\"PropertyValueSpecification\",\"valueRequired\":true,\"valueName\":\"search_term_string\"}}],\"inLanguage\":\"es\"},{\"@type\":\"Organization\",\"@id\":\"https:\\\/\\\/getthereswwashington.org\\\/#organization\",\"name\":\"Get There SW Washington\",\"url\":\"https:\\\/\\\/getthereswwashington.org\\\/\",\"logo\":{\"@type\":\"ImageObject\",\"inLanguage\":\"es\",\"@id\":\"https:\\\/\\\/getthereswwashington.org\\\/#\\\/schema\\\/logo\\\/image\\\/\",\"url\":\"https:\\\/\\\/getthereswwashington.org\\\/wp-content\\\/uploads\\\/Get-There-SWWA-Logo-Primary.png\",\"contentUrl\":\"https:\\\/\\\/getthereswwashington.org\\\/wp-content\\\/uploads\\\/Get-There-SWWA-Logo-Primary.png\",\"width\":381,\"height\":119,\"caption\":\"Get There SW Washington\"},\"image\":{\"@id\":\"https:\\\/\\\/getthereswwashington.org\\\/#\\\/schema\\\/logo\\\/image\\\/\"}}]}<\/script>\n<!-- \/ Yoast SEO plugin. -->","yoast_head_json":{"title":"Bienvenido a Get There Vancouver - Confirmaci\u00f3n - Get There Southwest WA","robots":{"index":"index","follow":"follow","max-snippet":"max-snippet:-1","max-image-preview":"max-image-preview:large","max-video-preview":"max-video-preview:-1"},"canonical":"https:\/\/getthereswwashington.org\/es\/welcome-to-get-there-vancouver-confirm\/","og_locale":"es_MX","og_type":"article","og_title":"Welcome to Get There Vancouver - Confirmation - Get There Southwest WA","og_description":"Find new ways to explore your community\u200b As a person who recently moved to or within Vancouver, Get There Vancouver is here to help you get around your community and beyond. Discover what travel options your neighborhood has to offer! By signing up, you\u2019ll receive FREE access to: A transportation kit of your choice, either [&hellip;]","og_url":"https:\/\/getthereswwashington.org\/es\/welcome-to-get-there-vancouver-confirm\/","og_site_name":"Get There Southwest WA","article_modified_time":"2025-10-15T18:15:09+00:00","twitter_card":"summary_large_image","twitter_misc":{"Tiempo de lectura":"1 minuto"},"schema":{"@context":"https:\/\/schema.org","@graph":[{"@type":"WebPage","@id":"https:\/\/getthereswwashington.org\/welcome-to-get-there-vancouver-confirm\/","url":"https:\/\/getthereswwashington.org\/welcome-to-get-there-vancouver-confirm\/","name":"Bienvenido a Get There Vancouver - Confirmaci\u00f3n - Get There Southwest WA","isPartOf":{"@id":"https:\/\/getthereswwashington.org\/#website"},"datePublished":"2024-07-15T04:32:14+00:00","dateModified":"2025-10-15T18:15:09+00:00","breadcrumb":{"@id":"https:\/\/getthereswwashington.org\/welcome-to-get-there-vancouver-confirm\/#breadcrumb"},"inLanguage":"es","potentialAction":[{"@type":"ReadAction","target":["https:\/\/getthereswwashington.org\/welcome-to-get-there-vancouver-confirm\/"]}]},{"@type":"BreadcrumbList","@id":"https:\/\/getthereswwashington.org\/welcome-to-get-there-vancouver-confirm\/#breadcrumb","itemListElement":[{"@type":"ListItem","position":1,"name":"Home","item":"https:\/\/getthereswwashington.org\/"},{"@type":"ListItem","position":2,"name":"Welcome to Get There Vancouver &#8211; Confirmation"}]},{"@type":"WebSite","@id":"https:\/\/getthereswwashington.org\/#website","url":"https:\/\/getthereswwashington.org\/","name":"Llegar al suroeste de WA","description":"","publisher":{"@id":"https:\/\/getthereswwashington.org\/#organization"},"potentialAction":[{"@type":"SearchAction","target":{"@type":"EntryPoint","urlTemplate":"https:\/\/getthereswwashington.org\/?s={search_term_string}"},"query-input":{"@type":"PropertyValueSpecification","valueRequired":true,"valueName":"search_term_string"}}],"inLanguage":"es"},{"@type":"Organization","@id":"https:\/\/getthereswwashington.org\/#organization","name":"Llegar al suroeste de Washington","url":"https:\/\/getthereswwashington.org\/","logo":{"@type":"ImageObject","inLanguage":"es","@id":"https:\/\/getthereswwashington.org\/#\/schema\/logo\/image\/","url":"https:\/\/getthereswwashington.org\/wp-content\/uploads\/Get-There-SWWA-Logo-Primary.png","contentUrl":"https:\/\/getthereswwashington.org\/wp-content\/uploads\/Get-There-SWWA-Logo-Primary.png","width":381,"height":119,"caption":"Get There SW Washington"},"image":{"@id":"https:\/\/getthereswwashington.org\/#\/schema\/logo\/image\/"}}]}},"_links":{"self":[{"href":"https:\/\/getthereswwashington.org\/es\/wp-json\/wp\/v2\/pages\/3729","targetHints":{"allow":["GET"]}}],"collection":[{"href":"https:\/\/getthereswwashington.org\/es\/wp-json\/wp\/v2\/pages"}],"about":[{"href":"https:\/\/getthereswwashington.org\/es\/wp-json\/wp\/v2\/types\/page"}],"author":[{"embeddable":true,"href":"https:\/\/getthereswwashington.org\/es\/wp-json\/wp\/v2\/users\/14"}],"replies":[{"embeddable":true,"href":"https:\/\/getthereswwashington.org\/es\/wp-json\/wp\/v2\/comments?post=3729"}],"version-history":[{"count":15,"href":"https:\/\/getthereswwashington.org\/es\/wp-json\/wp\/v2\/pages\/3729\/revisions"}],"predecessor-version":[{"id":5188,"href":"https:\/\/getthereswwashington.org\/es\/wp-json\/wp\/v2\/pages\/3729\/revisions\/5188"}],"wp:attachment":[{"href":"https:\/\/getthereswwashington.org\/es\/wp-json\/wp\/v2\/media?parent=3729"}],"curies":[{"name":"gracias","href":"https:\/\/api.w.org\/{rel}","templated":true}]}}