{"id":822,"date":"2019-08-21T11:06:26","date_gmt":"2019-08-21T18:06:26","guid":{"rendered":"http:\/\/getthereswwashington.org\/?page_id=822"},"modified":"2024-08-29T20:15:38","modified_gmt":"2024-08-30T03:15:38","slug":"help","status":"publish","type":"page","link":"https:\/\/getthereswwashington.org\/es\/help\/","title":{"rendered":"Ayuda"},"content":{"rendered":"<div data-elementor-type=\"wp-post\" data-elementor-id=\"822\" class=\"elementor elementor-822\" data-elementor-post-type=\"page\">\n\t\t\t\t\t\t<section class=\"elementor-section elementor-top-section elementor-element elementor-element-3478f6e2 elementor-section-boxed elementor-section-height-default elementor-section-height-default\" data-id=\"3478f6e2\" data-element_type=\"section\" data-e-type=\"section\">\n\t\t\t\t\t\t<div class=\"elementor-container elementor-column-gap-no\">\n\t\t\t\t\t<div class=\"elementor-column elementor-col-100 elementor-top-column elementor-element elementor-element-4b9d9be\" data-id=\"4b9d9be\" data-element_type=\"column\" data-e-type=\"column\">\n\t\t\t<div class=\"elementor-widget-wrap elementor-element-populated\">\n\t\t\t\t\t\t<div class=\"elementor-element elementor-element-4e5d3d7 elementor--h-position-left elementor--v-position-middle elementor-arrows-position-inside elementor-pagination-position-inside elementor-widget elementor-widget-slides\" data-id=\"4e5d3d7\" data-element_type=\"widget\" data-e-type=\"widget\" data-settings=\"{&quot;navigation&quot;:&quot;both&quot;,&quot;autoplay&quot;:&quot;yes&quot;,&quot;pause_on_hover&quot;:&quot;yes&quot;,&quot;pause_on_interaction&quot;:&quot;yes&quot;,&quot;autoplay_speed&quot;:5000,&quot;infinite&quot;:&quot;yes&quot;,&quot;transition&quot;:&quot;slide&quot;,&quot;transition_speed&quot;:500}\" data-widget_type=\"slides.default\">\n\t\t\t\t<div class=\"elementor-widget-container\">\n\t\t\t\t\t\t\t\t\t<div class=\"elementor-swiper\">\n\t\t\t\t\t<div class=\"elementor-slides-wrapper elementor-main-swiper swiper\" role=\"region\" aria-roledescription=\"carousel\" aria-label=\"Diapositivas\" dir=\"ltr\" data-animation=\"fadeInUp\">\n\t\t\t\t<div class=\"swiper-wrapper elementor-slides\">\n\t\t\t\t\t\t\t\t\t\t<div class=\"elementor-repeater-item-baf0136 swiper-slide\" role=\"group\" aria-roledescription=\"slide\"><div class=\"swiper-slide-bg\" role=\"img\" aria-label=\"Foto de personas con traje caminando\"><\/div><div class=\"swiper-slide-inner\" ><div class=\"swiper-slide-contents\"><div class=\"elementor-slide-heading\">Ayuda<\/div><\/div><\/div><\/div>\t\t\t\t<\/div>\n\t\t\t\t\t\t\t<\/div>\n\t\t\t\t<\/div>\n\t\t\t\t\t\t\t\t<\/div>\n\t\t\t\t<\/div>\n\t\t\t\t\t<\/div>\n\t\t<\/div>\n\t\t\t\t\t<\/div>\n\t\t<\/section>\n\t\t\t\t<div class=\"elementor-section elementor-top-section elementor-element elementor-element-67aead8 elementor-section-stretched elementor-section-boxed elementor-section-height-default elementor-section-height-default\" data-id=\"67aead8\" data-element_type=\"section\" data-e-type=\"section\" id=\"content\" data-settings=\"{&quot;stretch_section&quot;:&quot;section-stretched&quot;,&quot;shape_divider_bottom&quot;:&quot;curve-asymmetrical&quot;}\">\n\t\t\t\t\t<div class=\"elementor-shape elementor-shape-bottom\" aria-hidden=\"true\" data-negative=\"false\">\n\t\t\t<svg xmlns=\"http:\/\/www.w3.org\/2000\/svg\" viewbox=\"0 0 1000 100\" preserveaspectratio=\"none\">\n\t<path class=\"elementor-shape-fill\" d=\"M0,0c0,0,0,6,0,6.7c0,18,240.2,93.6,615.2,92.6C989.8,98.5,1000,25,1000,6.7c0-0.7,0-6.7,0-6.7H0z\"\/>\n<\/svg>\t\t<\/div>\n\t\t\t\t\t<div class=\"elementor-container elementor-column-gap-wide\">\n\t\t\t\t\t<div class=\"elementor-column elementor-col-50 elementor-top-column elementor-element elementor-element-9c54f70\" data-id=\"9c54f70\" data-element_type=\"column\" data-e-type=\"column\">\n\t\t\t<div class=\"elementor-widget-wrap elementor-element-populated\">\n\t\t\t\t\t\t<div class=\"elementor-element elementor-element-cdbc723 elementor-view-default elementor-widget elementor-widget-icon\" data-id=\"cdbc723\" data-element_type=\"widget\" data-e-type=\"widget\" data-widget_type=\"icon.default\">\n\t\t\t\t<div class=\"elementor-widget-container\">\n\t\t\t\t\t\t\t<div class=\"elementor-icon-wrapper\">\n\t\t\t<div class=\"elementor-icon\">\n\t\t\t<i aria-hidden=\"true\" class=\"fas fa-lightbulb\"><\/i>\t\t\t<\/div>\n\t\t<\/div>\n\t\t\t\t\t\t<\/div>\n\t\t\t\t<\/div>\n\t\t\t\t<div class=\"elementor-element elementor-element-829d114 elementor-widget elementor-widget-heading\" data-id=\"829d114\" data-element_type=\"widget\" data-e-type=\"widget\" data-widget_type=\"heading.default\">\n\t\t\t\t<div class=\"elementor-widget-container\">\n\t\t\t\t\t<h3 class=\"elementor-heading-title elementor-size-default\">Encuentra tu soluci\u00f3n de viaje<\/h3>\t\t\t\t<\/div>\n\t\t\t\t<\/div>\n\t\t\t\t<div class=\"elementor-element elementor-element-7d12587 elementor-widget elementor-widget-text-editor\" data-id=\"7d12587\" data-element_type=\"widget\" data-e-type=\"widget\" data-widget_type=\"text-editor.default\">\n\t\t\t\t<div class=\"elementor-widget-container\">\n\t\t\t\t\t\t\t\t\t<p>Hay muchas formas diferentes de llegar a su destino. Desde caminar hasta tomar el tren, seguramente encontrar\u00e1 una opci\u00f3n que se adapte a su estilo de vida, afecte su salud y mejore el medio ambiente.<\/p>\t\t\t\t\t\t\t\t<\/div>\n\t\t\t\t<\/div>\n\t\t\t\t<div class=\"elementor-element elementor-element-37abd14 elementor-align-center elementor-mobile-align-left elementor-widget elementor-widget-button\" data-id=\"37abd14\" data-element_type=\"widget\" data-e-type=\"widget\" data-widget_type=\"button.default\">\n\t\t\t\t<div class=\"elementor-widget-container\">\n\t\t\t\t\t\t\t\t\t<div class=\"elementor-button-wrapper\">\n\t\t\t\t\t<a class=\"elementor-button elementor-button-link elementor-size-lg\" href=\"https:\/\/getthereswwashington.org\/es\/trip-options\/\">\n\t\t\t\t\t\t<span class=\"elementor-button-content-wrapper\">\n\t\t\t\t\t\t\t\t\t<span class=\"elementor-button-text\">\u00a1Encu\u00e9ntralo!<\/span>\n\t\t\t\t\t<\/span>\n\t\t\t\t\t<\/a>\n\t\t\t\t<\/div>\n\t\t\t\t\t\t\t\t<\/div>\n\t\t\t\t<\/div>\n\t\t\t\t\t<\/div>\n\t\t<\/div>\n\t\t\t\t<div class=\"elementor-column elementor-col-50 elementor-top-column elementor-element elementor-element-df72cad\" data-id=\"df72cad\" data-element_type=\"column\" data-e-type=\"column\">\n\t\t\t<div class=\"elementor-widget-wrap elementor-element-populated\">\n\t\t\t\t\t\t<div class=\"elementor-element elementor-element-b751071 elementor-view-default elementor-widget elementor-widget-icon\" data-id=\"b751071\" data-element_type=\"widget\" data-e-type=\"widget\" data-widget_type=\"icon.default\">\n\t\t\t\t<div class=\"elementor-widget-container\">\n\t\t\t\t\t\t\t<div class=\"elementor-icon-wrapper\">\n\t\t\t<div class=\"elementor-icon\">\n\t\t\t<i aria-hidden=\"true\" class=\"fas fa-route\"><\/i>\t\t\t<\/div>\n\t\t<\/div>\n\t\t\t\t\t\t<\/div>\n\t\t\t\t<\/div>\n\t\t\t\t<div class=\"elementor-element elementor-element-6046b52 elementor-widget elementor-widget-heading\" data-id=\"6046b52\" data-element_type=\"widget\" data-e-type=\"widget\" data-widget_type=\"heading.default\">\n\t\t\t\t<div class=\"elementor-widget-container\">\n\t\t\t\t\t<h3 class=\"elementor-heading-title elementor-size-default\">Comience a rastrear sus viajes<\/h3>\t\t\t\t<\/div>\n\t\t\t\t<\/div>\n\t\t\t\t<div class=\"elementor-element elementor-element-fa307b8 elementor-widget elementor-widget-text-editor\" data-id=\"fa307b8\" data-element_type=\"widget\" data-e-type=\"widget\" data-widget_type=\"text-editor.default\">\n\t\t\t\t<div class=\"elementor-widget-container\">\n\t\t\t\t\t\t\t\t\t<p>Solicite en l\u00ednea para descargar su aplicaci\u00f3n m\u00f3vil y comience a registrar sus viajes. (Necesito m\u00e1s informaci\u00f3n y c\u00f3mo los usuarios realmente har\u00e1n esto para escribir la micro copia para esta secci\u00f3n)<\/p>\t\t\t\t\t\t\t\t<\/div>\n\t\t\t\t<\/div>\n\t\t\t\t<div class=\"elementor-element elementor-element-63a327d elementor-align-center elementor-mobile-align-left elementor-widget elementor-widget-button\" data-id=\"63a327d\" data-element_type=\"widget\" data-e-type=\"widget\" data-widget_type=\"button.default\">\n\t\t\t\t<div class=\"elementor-widget-container\">\n\t\t\t\t\t\t\t\t\t<div class=\"elementor-button-wrapper\">\n\t\t\t\t\t<a class=\"elementor-button elementor-button-link elementor-size-lg\" href=\"https:\/\/getthereswwashington.org\/es\/get-apps\/\">\n\t\t\t\t\t\t<span class=\"elementor-button-content-wrapper\">\n\t\t\t\t\t\t\t\t\t<span class=\"elementor-button-text\">\u00a1Rastrealo!<\/span>\n\t\t\t\t\t<\/span>\n\t\t\t\t\t<\/a>\n\t\t\t\t<\/div>\n\t\t\t\t\t\t\t\t<\/div>\n\t\t\t\t<\/div>\n\t\t\t\t\t<\/div>\n\t\t<\/div>\n\t\t\t\t\t<\/div>\n\t\t<\/div>\n\t\t\t\t<\/div>","protected":false},"excerpt":{"rendered":"<p>Help Find Your Commute Solution There are many different ways to get to your destination. From walking to taking the train, you&#8217;re sure to find an option that fits your lifestyle, impacts your health, and improves the environment. Find it! Start Tracking Your Trips Apply online to download your mobile application and start logging your [&hellip;]<\/p>\n","protected":false},"author":4,"featured_media":0,"parent":0,"menu_order":0,"comment_status":"closed","ping_status":"closed","template":"elementor_header_footer","meta":{"_monsterinsights_skip_tracking":false,"_monsterinsights_sitenote_active":false,"_monsterinsights_sitenote_note":"","_monsterinsights_sitenote_category":0,"footnotes":""},"class_list":["post-822","page","type-page","status-publish","hentry"],"yoast_head":"<!-- This site is optimized with the Yoast SEO plugin v27.4 - https:\/\/yoast.com\/product\/yoast-seo-wordpress\/ -->\n<title>Help - Get There Southwest WA<\/title>\n<meta name=\"robots\" content=\"index, follow, max-snippet:-1, max-image-preview:large, max-video-preview:-1\" \/>\n<link rel=\"canonical\" href=\"https:\/\/getthereswwashington.org\/es\/help\/\" \/>\n<meta property=\"og:locale\" content=\"es_MX\" \/>\n<meta property=\"og:type\" content=\"article\" \/>\n<meta property=\"og:title\" content=\"Help - Get There Southwest WA\" \/>\n<meta property=\"og:description\" content=\"Help Find Your Commute Solution There are many different ways to get to your destination. From walking to taking the train, you&#8217;re sure to find an option that fits your lifestyle, impacts your health, and improves the environment. Find it! Start Tracking Your Trips Apply online to download your mobile application and start logging your [&hellip;]\" \/>\n<meta property=\"og:url\" content=\"https:\/\/getthereswwashington.org\/es\/help\/\" \/>\n<meta property=\"og:site_name\" content=\"Get There Southwest WA\" \/>\n<meta property=\"article:modified_time\" content=\"2024-08-30T03:15:38+00:00\" \/>\n<meta name=\"twitter:card\" content=\"summary_large_image\" \/>\n<meta name=\"twitter:label1\" content=\"Tiempo de lectura\" \/>\n\t<meta name=\"twitter:data1\" content=\"1 minuto\" \/>\n<script type=\"application\/ld+json\" class=\"yoast-schema-graph\">{\"@context\":\"https:\\\/\\\/schema.org\",\"@graph\":[{\"@type\":\"WebPage\",\"@id\":\"https:\\\/\\\/getthereswwashington.org\\\/help\\\/\",\"url\":\"https:\\\/\\\/getthereswwashington.org\\\/help\\\/\",\"name\":\"Help - Get There Southwest WA\",\"isPartOf\":{\"@id\":\"https:\\\/\\\/getthereswwashington.org\\\/#website\"},\"datePublished\":\"2019-08-21T18:06:26+00:00\",\"dateModified\":\"2024-08-30T03:15:38+00:00\",\"breadcrumb\":{\"@id\":\"https:\\\/\\\/getthereswwashington.org\\\/help\\\/#breadcrumb\"},\"inLanguage\":\"es\",\"potentialAction\":[{\"@type\":\"ReadAction\",\"target\":[\"https:\\\/\\\/getthereswwashington.org\\\/help\\\/\"]}]},{\"@type\":\"BreadcrumbList\",\"@id\":\"https:\\\/\\\/getthereswwashington.org\\\/help\\\/#breadcrumb\",\"itemListElement\":[{\"@type\":\"ListItem\",\"position\":1,\"name\":\"Home\",\"item\":\"https:\\\/\\\/getthereswwashington.org\\\/\"},{\"@type\":\"ListItem\",\"position\":2,\"name\":\"Help\"}]},{\"@type\":\"WebSite\",\"@id\":\"https:\\\/\\\/getthereswwashington.org\\\/#website\",\"url\":\"https:\\\/\\\/getthereswwashington.org\\\/\",\"name\":\"Get There Southwest WA\",\"description\":\"\",\"publisher\":{\"@id\":\"https:\\\/\\\/getthereswwashington.org\\\/#organization\"},\"potentialAction\":[{\"@type\":\"SearchAction\",\"target\":{\"@type\":\"EntryPoint\",\"urlTemplate\":\"https:\\\/\\\/getthereswwashington.org\\\/?s={search_term_string}\"},\"query-input\":{\"@type\":\"PropertyValueSpecification\",\"valueRequired\":true,\"valueName\":\"search_term_string\"}}],\"inLanguage\":\"es\"},{\"@type\":\"Organization\",\"@id\":\"https:\\\/\\\/getthereswwashington.org\\\/#organization\",\"name\":\"Get There SW Washington\",\"url\":\"https:\\\/\\\/getthereswwashington.org\\\/\",\"logo\":{\"@type\":\"ImageObject\",\"inLanguage\":\"es\",\"@id\":\"https:\\\/\\\/getthereswwashington.org\\\/#\\\/schema\\\/logo\\\/image\\\/\",\"url\":\"https:\\\/\\\/getthereswwashington.org\\\/wp-content\\\/uploads\\\/Get-There-SWWA-Logo-Primary.png\",\"contentUrl\":\"https:\\\/\\\/getthereswwashington.org\\\/wp-content\\\/uploads\\\/Get-There-SWWA-Logo-Primary.png\",\"width\":381,\"height\":119,\"caption\":\"Get There SW Washington\"},\"image\":{\"@id\":\"https:\\\/\\\/getthereswwashington.org\\\/#\\\/schema\\\/logo\\\/image\\\/\"}}]}<\/script>\n<!-- \/ Yoast SEO plugin. -->","yoast_head_json":{"title":"Ayuda - C\u00f3mo llegar al suroeste de WA","robots":{"index":"index","follow":"follow","max-snippet":"max-snippet:-1","max-image-preview":"max-image-preview:large","max-video-preview":"max-video-preview:-1"},"canonical":"https:\/\/getthereswwashington.org\/es\/help\/","og_locale":"es_MX","og_type":"article","og_title":"Help - Get There Southwest WA","og_description":"Help Find Your Commute Solution There are many different ways to get to your destination. From walking to taking the train, you&#8217;re sure to find an option that fits your lifestyle, impacts your health, and improves the environment. Find it! Start Tracking Your Trips Apply online to download your mobile application and start logging your [&hellip;]","og_url":"https:\/\/getthereswwashington.org\/es\/help\/","og_site_name":"Get There Southwest WA","article_modified_time":"2024-08-30T03:15:38+00:00","twitter_card":"summary_large_image","twitter_misc":{"Tiempo de lectura":"1 minuto"},"schema":{"@context":"https:\/\/schema.org","@graph":[{"@type":"WebPage","@id":"https:\/\/getthereswwashington.org\/help\/","url":"https:\/\/getthereswwashington.org\/help\/","name":"Ayuda - C\u00f3mo llegar al suroeste de WA","isPartOf":{"@id":"https:\/\/getthereswwashington.org\/#website"},"datePublished":"2019-08-21T18:06:26+00:00","dateModified":"2024-08-30T03:15:38+00:00","breadcrumb":{"@id":"https:\/\/getthereswwashington.org\/help\/#breadcrumb"},"inLanguage":"es","potentialAction":[{"@type":"ReadAction","target":["https:\/\/getthereswwashington.org\/help\/"]}]},{"@type":"BreadcrumbList","@id":"https:\/\/getthereswwashington.org\/help\/#breadcrumb","itemListElement":[{"@type":"ListItem","position":1,"name":"Home","item":"https:\/\/getthereswwashington.org\/"},{"@type":"ListItem","position":2,"name":"Help"}]},{"@type":"WebSite","@id":"https:\/\/getthereswwashington.org\/#website","url":"https:\/\/getthereswwashington.org\/","name":"Llegar al suroeste de WA","description":"","publisher":{"@id":"https:\/\/getthereswwashington.org\/#organization"},"potentialAction":[{"@type":"SearchAction","target":{"@type":"EntryPoint","urlTemplate":"https:\/\/getthereswwashington.org\/?s={search_term_string}"},"query-input":{"@type":"PropertyValueSpecification","valueRequired":true,"valueName":"search_term_string"}}],"inLanguage":"es"},{"@type":"Organization","@id":"https:\/\/getthereswwashington.org\/#organization","name":"Llegar al suroeste de Washington","url":"https:\/\/getthereswwashington.org\/","logo":{"@type":"ImageObject","inLanguage":"es","@id":"https:\/\/getthereswwashington.org\/#\/schema\/logo\/image\/","url":"https:\/\/getthereswwashington.org\/wp-content\/uploads\/Get-There-SWWA-Logo-Primary.png","contentUrl":"https:\/\/getthereswwashington.org\/wp-content\/uploads\/Get-There-SWWA-Logo-Primary.png","width":381,"height":119,"caption":"Get There SW Washington"},"image":{"@id":"https:\/\/getthereswwashington.org\/#\/schema\/logo\/image\/"}}]}},"_links":{"self":[{"href":"https:\/\/getthereswwashington.org\/es\/wp-json\/wp\/v2\/pages\/822","targetHints":{"allow":["GET"]}}],"collection":[{"href":"https:\/\/getthereswwashington.org\/es\/wp-json\/wp\/v2\/pages"}],"about":[{"href":"https:\/\/getthereswwashington.org\/es\/wp-json\/wp\/v2\/types\/page"}],"author":[{"embeddable":true,"href":"https:\/\/getthereswwashington.org\/es\/wp-json\/wp\/v2\/users\/4"}],"replies":[{"embeddable":true,"href":"https:\/\/getthereswwashington.org\/es\/wp-json\/wp\/v2\/comments?post=822"}],"version-history":[{"count":19,"href":"https:\/\/getthereswwashington.org\/es\/wp-json\/wp\/v2\/pages\/822\/revisions"}],"predecessor-version":[{"id":2142,"href":"https:\/\/getthereswwashington.org\/es\/wp-json\/wp\/v2\/pages\/822\/revisions\/2142"}],"wp:attachment":[{"href":"https:\/\/getthereswwashington.org\/es\/wp-json\/wp\/v2\/media?parent=822"}],"curies":[{"name":"gracias","href":"https:\/\/api.w.org\/{rel}","templated":true}]}}