{"id":829,"date":"2019-08-21T11:21:11","date_gmt":"2019-08-21T18:21:11","guid":{"rendered":"http:\/\/getthereswwashington.org\/?page_id=829"},"modified":"2024-10-16T21:29:26","modified_gmt":"2024-10-17T04:29:26","slug":"terms-and-conditions","status":"publish","type":"page","link":"https:\/\/getthereswwashington.org\/es\/terms-and-conditions\/","title":{"rendered":"T\u00e9rminos y Condiciones"},"content":{"rendered":"<div data-elementor-type=\"wp-post\" data-elementor-id=\"829\" class=\"elementor elementor-829\" data-elementor-post-type=\"page\">\n\t\t\t\t\t\t<section class=\"elementor-section elementor-top-section elementor-element elementor-element-e1e3d55 elementor-section-height-min-height elementor-section-boxed elementor-section-height-default elementor-section-items-middle\" data-id=\"e1e3d55\" data-element_type=\"section\" data-e-type=\"section\" data-settings=\"{&quot;background_background&quot;:&quot;classic&quot;}\">\n\t\t\t\t\t\t<div class=\"elementor-container elementor-column-gap-default\">\n\t\t\t\t\t<div class=\"elementor-column elementor-col-100 elementor-top-column elementor-element elementor-element-ad87f6f\" data-id=\"ad87f6f\" data-element_type=\"column\" data-e-type=\"column\">\n\t\t\t<div class=\"elementor-widget-wrap elementor-element-populated\">\n\t\t\t\t\t\t<div class=\"elementor-element elementor-element-aabe8bc elementor-widget__width-initial elementor-invisible elementor-widget elementor-widget-heading\" data-id=\"aabe8bc\" data-element_type=\"widget\" data-e-type=\"widget\" data-settings=\"{&quot;_animation&quot;:&quot;fadeInUp&quot;}\" data-widget_type=\"heading.default\">\n\t\t\t\t<div class=\"elementor-widget-container\">\n\t\t\t\t\t<h1 class=\"elementor-heading-title elementor-size-default\">T\u00e9rminos y Condiciones<\/h1>\t\t\t\t<\/div>\n\t\t\t\t<\/div>\n\t\t\t\t\t<\/div>\n\t\t<\/div>\n\t\t\t\t\t<\/div>\n\t\t<\/section>\n\t\t\t\t<main class=\"elementor-section elementor-top-section elementor-element elementor-element-3e15e64 elementor-section-boxed elementor-section-height-default elementor-section-height-default\" data-id=\"3e15e64\" data-element_type=\"section\" data-e-type=\"section\" id=\"content\">\n\t\t\t\t\t\t<div class=\"elementor-container elementor-column-gap-default\">\n\t\t\t\t\t<div class=\"elementor-column elementor-col-100 elementor-top-column elementor-element elementor-element-95c3ac9\" data-id=\"95c3ac9\" data-element_type=\"column\" data-e-type=\"column\">\n\t\t\t<div class=\"elementor-widget-wrap elementor-element-populated\">\n\t\t\t\t\t\t<div class=\"elementor-element elementor-element-4b804c0 elementor-widget elementor-widget-text-editor\" data-id=\"4b804c0\" data-element_type=\"widget\" data-e-type=\"widget\" data-widget_type=\"text-editor.default\">\n\t\t\t\t<div class=\"elementor-widget-container\">\n\t\t\t\t\t\t\t\t\t<h2>T\u00e9rminos y condiciones de uso de RideAmigos Corp.<\/h2><p><strong>ADVERTENCIA Y AVISO<\/strong><br \/>RideAmigos es una plataforma abierta con acceso sin restricciones a las partes elegibles. Ni RideAmigos ni la Ciudad de Vancouver, agencias educativas y otras agencias p\u00fablicas locales y entidades comerciales privadas que facilitan, promueven o alojan los servicios de RideAmigos, han llevado a cabo una investigaci\u00f3n de antecedentes o revisi\u00f3n de ning\u00fan tipo o tipo. Incluyendo, sin limitaci\u00f3n, verificaciones de licencias de conducir, verificaciones de seguros, verificaciones de antecedentes penales, estado de delincuentes sexuales u otros. Si decide participar, asume todos los riesgos por usar esta plataforma y \/ o participar en los Servicios de RideAmigos.<\/p><p><strong>MANTENER INDEMNE<\/strong><br \/>Como usuario voluntario de los Servicios de RideAmigos, acepto que ni RideAmigos ni la Ciudad de Vancouver que facilitan, promueven o alojan los Servicios de RideAmigos, ni ninguno de sus respectivos empleados, miembros, agentes y funcionarios ser\u00e1n responsables de ninguna manera. cualquier lesi\u00f3n personal, p\u00e9rdida u otro da\u00f1o a m\u00ed o mi propiedad como resultado de mi participaci\u00f3n en los Servicios de RideAmigos y adem\u00e1s acepto liberar, dar de alta, mantener indemne y absolver para siempre a la Ciudad de Vancouver, RideAmigos y los empleadores p\u00fablicos y privados, educacionales y otras agencias p\u00fablicas locales y entidades comerciales privadas que facilitan, promueven o alojan los servicios SmartRide de todas y cada una de las acciones, causas de acci\u00f3n, reclamos o cualquier responsabilidad, conocida o desconocida, ahora existente o que pueda surgir en el futuro, a causa de o de cualquier manera relacionada o que surja de mi participaci\u00f3n en los programas.<\/p><p><strong>RECONOCIMIENTO DE RIESGO<\/strong><br \/>Reconozco que la participaci\u00f3n en los Servicios de RideAmigos es una decisi\u00f3n individual y que soy responsable de mi funcionamiento del Sitio y la Aplicaci\u00f3n. Entiendo que las agencias patrocinadoras de este sitio web y la aplicaci\u00f3n para tel\u00e9fonos inteligentes y las empresas privadas no tendr\u00e1n responsabilidad alguna por reclamos, gastos o da\u00f1os que resulten de la participaci\u00f3n de un individuo en el Sitio o la Aplicaci\u00f3n. Adem\u00e1s, reconozco que proporcionar informaci\u00f3n personal, incluidas las direcciones y la informaci\u00f3n de contacto, es una decisi\u00f3n personal que puede afectar mi seguridad personal. Entiendo que proporcionar dicha informaci\u00f3n a cualquier persona, incluidas las personas con las que puedo comunicarme a trav\u00e9s de servicios como este, requiere cuidado y medidas de seguridad razonables para garantizar mi seguridad y la seguridad de mi informaci\u00f3n personal.<\/p><p><strong>REGISTRO<\/strong><br \/>Para obtener acceso a ciertos Servicios, es posible que deba registrarse como usuario. Tanto usted como la Compa\u00f1\u00eda pueden rescindir su registro de usuario en cualquier momento. Al finalizar su registro como &quot;usuario&quot;, ya no se le permitir\u00e1 acceder a dichos Servicios. Usted declara que toda la informaci\u00f3n que proporcione durante el proceso de registro y en cualquier momento posterior (&quot;Informaci\u00f3n de registro&quot;) ser\u00e1 verdadera, precisa, completa y actual, y que actualizar\u00e1 de inmediato su Informaci\u00f3n de registro seg\u00fan sea necesario, de modo que sea, en absoluto tiempos, verdadero, preciso, completo y actual. La Compa\u00f1\u00eda puede usar toda la Informaci\u00f3n de registro, sujeta al cumplimiento de la Compa\u00f1\u00eda con la Pol\u00edtica de privacidad de la Compa\u00f1\u00eda que se puede encontrar en https:\/\/rideamigos.com\/privacy (la Pol\u00edtica de privacidad). Estos T\u00e9rminos y condiciones incluyen los t\u00e9rminos y condiciones establecidos en la Pol\u00edtica de privacidad. Al indicar su aceptaci\u00f3n de estos T\u00e9rminos y condiciones, usted acepta que Su informaci\u00f3n personal sea utilizada por la Compa\u00f1\u00eda como se establece en la Pol\u00edtica de privacidad.<\/p><p><strong>NOMBRE DE USUARIO Y CONTRASE\u00d1A<\/strong><br \/>Como parte del proceso de registro, se le puede solicitar que seleccione un nombre de usuario y contrase\u00f1a. Podemos negarnos a otorgar cualquier nombre de usuario que se haga pasar por otra persona, sea o pueda ser ilegal, est\u00e9 o pueda estar protegido por una marca registrada u otra ley de derechos de propiedad, sea demasiado vulgar u ofensivo, o pueda causar confusi\u00f3n, seg\u00fan lo determinemos a nuestro exclusivo criterio. . Usted es responsable de la confidencialidad y el uso de su nombre de usuario y contrase\u00f1a y acepta no transferir ni revender su uso o acceso al Sitio a terceros. Si tiene razones para creer que su cuenta ya no es segura, debe cambiar su contrase\u00f1a r\u00e1pidamente actualizando la informaci\u00f3n de su cuenta y notific\u00e1ndonos inmediatamente por correo electr\u00f3nico. USTED ES \u00daNICAMENTE RESPONSABLE DE MANTENER LA CONFIDENCIALIDAD DE SU NOMBRE DE USUARIO Y CONTRASE\u00d1A Y DE CUALQUIER ACTIVIDAD QUE RESULTE DEL USO DE SU NOMBRE DE USUARIO Y CONTRASE\u00d1A.<\/p><p><strong>RESTRICCIONES DE EDAD<\/strong><br \/>Usted declara y garantiza que tiene al menos 18 a\u00f1os de edad. Al usar este Sitio, Usted declara y garantiza que tiene el derecho, la autoridad y la capacidad de entrar en estos T\u00e9rminos y condiciones y de cumplir con estos T\u00e9rminos y condiciones.<\/p><p><strong>Contact RideAmigos<\/strong><br \/>RideAmigos agradece sus preguntas y comentarios sobre los t\u00e9rminos de uso, condiciones, seguridad y privacidad. Por favor env\u00ede cualquier comunicaci\u00f3n por correo electr\u00f3nico a <a href=\"mailto:appsupport@rideamigos.com\">appsupport@rideamigos.com<\/a><\/p>\t\t\t\t\t\t\t\t<\/div>\n\t\t\t\t<\/div>\n\t\t\t\t\t<\/div>\n\t\t<\/div>\n\t\t\t\t\t<\/div>\n\t\t<\/main>\n\t\t\t\t<\/div>","protected":false},"excerpt":{"rendered":"<p>Terms and Conditions RideAmigos Corp. Terms and Conditions of Use WARNING AND NOTICE RideAmigos is an open platform with unrestricted access to eligible parties. Neither RideAmigos or the City of Vancouver, educational and other local public agencies and private business entities who facilitate, promote or host RideAmigos services, have conducted background investigation or review of [&hellip;]<\/p>\n","protected":false},"author":4,"featured_media":0,"parent":0,"menu_order":0,"comment_status":"closed","ping_status":"closed","template":"elementor_header_footer","meta":{"_monsterinsights_skip_tracking":false,"_monsterinsights_sitenote_active":false,"_monsterinsights_sitenote_note":"","_monsterinsights_sitenote_category":0,"footnotes":""},"class_list":["post-829","page","type-page","status-publish","hentry"],"yoast_head":"<!-- This site is optimized with the Yoast SEO plugin v27.4 - https:\/\/yoast.com\/product\/yoast-seo-wordpress\/ -->\n<title>Terms and Conditions - Get There Southwest WA<\/title>\n<meta name=\"robots\" content=\"index, follow, max-snippet:-1, max-image-preview:large, max-video-preview:-1\" \/>\n<link rel=\"canonical\" href=\"https:\/\/getthereswwashington.org\/es\/terms-and-conditions\/\" \/>\n<meta property=\"og:locale\" content=\"es_MX\" \/>\n<meta property=\"og:type\" content=\"article\" \/>\n<meta property=\"og:title\" content=\"Terms and Conditions - Get There Southwest WA\" \/>\n<meta property=\"og:description\" content=\"Terms and Conditions RideAmigos Corp. Terms and Conditions of Use WARNING AND NOTICE RideAmigos is an open platform with unrestricted access to eligible parties. Neither RideAmigos or the City of Vancouver, educational and other local public agencies and private business entities who facilitate, promote or host RideAmigos services, have conducted background investigation or review of [&hellip;]\" \/>\n<meta property=\"og:url\" content=\"https:\/\/getthereswwashington.org\/es\/terms-and-conditions\/\" \/>\n<meta property=\"og:site_name\" content=\"Get There Southwest WA\" \/>\n<meta property=\"article:modified_time\" content=\"2024-10-17T04:29:26+00:00\" \/>\n<meta name=\"twitter:card\" content=\"summary_large_image\" \/>\n<meta name=\"twitter:label1\" content=\"Tiempo de lectura\" \/>\n\t<meta name=\"twitter:data1\" content=\"4 minutos\" \/>\n<script type=\"application\/ld+json\" class=\"yoast-schema-graph\">{\"@context\":\"https:\\\/\\\/schema.org\",\"@graph\":[{\"@type\":\"WebPage\",\"@id\":\"https:\\\/\\\/getthereswwashington.org\\\/terms-and-conditions\\\/\",\"url\":\"https:\\\/\\\/getthereswwashington.org\\\/terms-and-conditions\\\/\",\"name\":\"Terms and Conditions - Get There Southwest WA\",\"isPartOf\":{\"@id\":\"https:\\\/\\\/getthereswwashington.org\\\/#website\"},\"datePublished\":\"2019-08-21T18:21:11+00:00\",\"dateModified\":\"2024-10-17T04:29:26+00:00\",\"breadcrumb\":{\"@id\":\"https:\\\/\\\/getthereswwashington.org\\\/terms-and-conditions\\\/#breadcrumb\"},\"inLanguage\":\"es\",\"potentialAction\":[{\"@type\":\"ReadAction\",\"target\":[\"https:\\\/\\\/getthereswwashington.org\\\/terms-and-conditions\\\/\"]}]},{\"@type\":\"BreadcrumbList\",\"@id\":\"https:\\\/\\\/getthereswwashington.org\\\/terms-and-conditions\\\/#breadcrumb\",\"itemListElement\":[{\"@type\":\"ListItem\",\"position\":1,\"name\":\"Home\",\"item\":\"https:\\\/\\\/getthereswwashington.org\\\/\"},{\"@type\":\"ListItem\",\"position\":2,\"name\":\"Terms and Conditions\"}]},{\"@type\":\"WebSite\",\"@id\":\"https:\\\/\\\/getthereswwashington.org\\\/#website\",\"url\":\"https:\\\/\\\/getthereswwashington.org\\\/\",\"name\":\"Get There Southwest WA\",\"description\":\"\",\"publisher\":{\"@id\":\"https:\\\/\\\/getthereswwashington.org\\\/#organization\"},\"potentialAction\":[{\"@type\":\"SearchAction\",\"target\":{\"@type\":\"EntryPoint\",\"urlTemplate\":\"https:\\\/\\\/getthereswwashington.org\\\/?s={search_term_string}\"},\"query-input\":{\"@type\":\"PropertyValueSpecification\",\"valueRequired\":true,\"valueName\":\"search_term_string\"}}],\"inLanguage\":\"es\"},{\"@type\":\"Organization\",\"@id\":\"https:\\\/\\\/getthereswwashington.org\\\/#organization\",\"name\":\"Get There SW Washington\",\"url\":\"https:\\\/\\\/getthereswwashington.org\\\/\",\"logo\":{\"@type\":\"ImageObject\",\"inLanguage\":\"es\",\"@id\":\"https:\\\/\\\/getthereswwashington.org\\\/#\\\/schema\\\/logo\\\/image\\\/\",\"url\":\"https:\\\/\\\/getthereswwashington.org\\\/wp-content\\\/uploads\\\/Get-There-SWWA-Logo-Primary.png\",\"contentUrl\":\"https:\\\/\\\/getthereswwashington.org\\\/wp-content\\\/uploads\\\/Get-There-SWWA-Logo-Primary.png\",\"width\":381,\"height\":119,\"caption\":\"Get There SW Washington\"},\"image\":{\"@id\":\"https:\\\/\\\/getthereswwashington.org\\\/#\\\/schema\\\/logo\\\/image\\\/\"}}]}<\/script>\n<!-- \/ Yoast SEO plugin. -->","yoast_head_json":{"title":"T\u00e9rminos y condiciones - Get There Southwest WA","robots":{"index":"index","follow":"follow","max-snippet":"max-snippet:-1","max-image-preview":"max-image-preview:large","max-video-preview":"max-video-preview:-1"},"canonical":"https:\/\/getthereswwashington.org\/es\/terms-and-conditions\/","og_locale":"es_MX","og_type":"article","og_title":"Terms and Conditions - Get There Southwest WA","og_description":"Terms and Conditions RideAmigos Corp. Terms and Conditions of Use WARNING AND NOTICE RideAmigos is an open platform with unrestricted access to eligible parties. Neither RideAmigos or the City of Vancouver, educational and other local public agencies and private business entities who facilitate, promote or host RideAmigos services, have conducted background investigation or review of [&hellip;]","og_url":"https:\/\/getthereswwashington.org\/es\/terms-and-conditions\/","og_site_name":"Get There Southwest WA","article_modified_time":"2024-10-17T04:29:26+00:00","twitter_card":"summary_large_image","twitter_misc":{"Tiempo de lectura":"4 minutos"},"schema":{"@context":"https:\/\/schema.org","@graph":[{"@type":"WebPage","@id":"https:\/\/getthereswwashington.org\/terms-and-conditions\/","url":"https:\/\/getthereswwashington.org\/terms-and-conditions\/","name":"T\u00e9rminos y condiciones - Get There Southwest WA","isPartOf":{"@id":"https:\/\/getthereswwashington.org\/#website"},"datePublished":"2019-08-21T18:21:11+00:00","dateModified":"2024-10-17T04:29:26+00:00","breadcrumb":{"@id":"https:\/\/getthereswwashington.org\/terms-and-conditions\/#breadcrumb"},"inLanguage":"es","potentialAction":[{"@type":"ReadAction","target":["https:\/\/getthereswwashington.org\/terms-and-conditions\/"]}]},{"@type":"BreadcrumbList","@id":"https:\/\/getthereswwashington.org\/terms-and-conditions\/#breadcrumb","itemListElement":[{"@type":"ListItem","position":1,"name":"Home","item":"https:\/\/getthereswwashington.org\/"},{"@type":"ListItem","position":2,"name":"Terms and Conditions"}]},{"@type":"WebSite","@id":"https:\/\/getthereswwashington.org\/#website","url":"https:\/\/getthereswwashington.org\/","name":"Llegar al suroeste de WA","description":"","publisher":{"@id":"https:\/\/getthereswwashington.org\/#organization"},"potentialAction":[{"@type":"SearchAction","target":{"@type":"EntryPoint","urlTemplate":"https:\/\/getthereswwashington.org\/?s={search_term_string}"},"query-input":{"@type":"PropertyValueSpecification","valueRequired":true,"valueName":"search_term_string"}}],"inLanguage":"es"},{"@type":"Organization","@id":"https:\/\/getthereswwashington.org\/#organization","name":"Llegar al suroeste de Washington","url":"https:\/\/getthereswwashington.org\/","logo":{"@type":"ImageObject","inLanguage":"es","@id":"https:\/\/getthereswwashington.org\/#\/schema\/logo\/image\/","url":"https:\/\/getthereswwashington.org\/wp-content\/uploads\/Get-There-SWWA-Logo-Primary.png","contentUrl":"https:\/\/getthereswwashington.org\/wp-content\/uploads\/Get-There-SWWA-Logo-Primary.png","width":381,"height":119,"caption":"Get There SW Washington"},"image":{"@id":"https:\/\/getthereswwashington.org\/#\/schema\/logo\/image\/"}}]}},"_links":{"self":[{"href":"https:\/\/getthereswwashington.org\/es\/wp-json\/wp\/v2\/pages\/829","targetHints":{"allow":["GET"]}}],"collection":[{"href":"https:\/\/getthereswwashington.org\/es\/wp-json\/wp\/v2\/pages"}],"about":[{"href":"https:\/\/getthereswwashington.org\/es\/wp-json\/wp\/v2\/types\/page"}],"author":[{"embeddable":true,"href":"https:\/\/getthereswwashington.org\/es\/wp-json\/wp\/v2\/users\/4"}],"replies":[{"embeddable":true,"href":"https:\/\/getthereswwashington.org\/es\/wp-json\/wp\/v2\/comments?post=829"}],"version-history":[{"count":19,"href":"https:\/\/getthereswwashington.org\/es\/wp-json\/wp\/v2\/pages\/829\/revisions"}],"predecessor-version":[{"id":4156,"href":"https:\/\/getthereswwashington.org\/es\/wp-json\/wp\/v2\/pages\/829\/revisions\/4156"}],"wp:attachment":[{"href":"https:\/\/getthereswwashington.org\/es\/wp-json\/wp\/v2\/media?parent=829"}],"curies":[{"name":"gracias","href":"https:\/\/api.w.org\/{rel}","templated":true}]}}