{"id":847,"date":"2019-08-21T11:55:12","date_gmt":"2019-08-21T18:55:12","guid":{"rendered":"http:\/\/getthereswwashington.org\/?page_id=847"},"modified":"2026-01-23T20:10:13","modified_gmt":"2026-01-24T04:10:13","slug":"get-apps","status":"publish","type":"page","link":"https:\/\/getthereswwashington.org\/es\/get-apps\/","title":{"rendered":"Obt\u00e9n aplicaciones"},"content":{"rendered":"<div data-elementor-type=\"wp-page\" data-elementor-id=\"847\" class=\"elementor elementor-847\" data-elementor-post-type=\"page\">\n\t\t\t\t\t\t<section class=\"elementor-section elementor-top-section elementor-element elementor-element-55ad712 elementor-section-height-min-height elementor-section-boxed elementor-section-height-default elementor-section-items-middle\" data-id=\"55ad712\" data-element_type=\"section\" data-e-type=\"section\" data-settings=\"{&quot;background_background&quot;:&quot;classic&quot;}\">\n\t\t\t\t\t\t<div class=\"elementor-container elementor-column-gap-default\">\n\t\t\t\t\t<div class=\"elementor-column elementor-col-100 elementor-top-column elementor-element elementor-element-cb36500\" data-id=\"cb36500\" data-element_type=\"column\" data-e-type=\"column\">\n\t\t\t<div class=\"elementor-widget-wrap elementor-element-populated\">\n\t\t\t\t\t\t<div class=\"elementor-element elementor-element-ecd0ece elementor-widget__width-initial elementor-invisible elementor-widget elementor-widget-heading\" data-id=\"ecd0ece\" data-element_type=\"widget\" data-e-type=\"widget\" data-settings=\"{&quot;_animation&quot;:&quot;fadeInUp&quot;}\" data-widget_type=\"heading.default\">\n\t\t\t\t<div class=\"elementor-widget-container\">\n\t\t\t\t\t<h1 class=\"elementor-heading-title elementor-size-default\">Obt\u00e9n aplicaciones<\/h1>\t\t\t\t<\/div>\n\t\t\t\t<\/div>\n\t\t\t\t\t<\/div>\n\t\t<\/div>\n\t\t\t\t\t<\/div>\n\t\t<\/section>\n\t\t\t\t<main class=\"elementor-section elementor-top-section elementor-element elementor-element-3e15e64 elementor-section-boxed elementor-section-height-default elementor-section-height-default\" data-id=\"3e15e64\" data-element_type=\"section\" data-e-type=\"section\" id=\"content\">\n\t\t\t\t\t\t<div class=\"elementor-container elementor-column-gap-default\">\n\t\t\t\t\t<div class=\"elementor-column elementor-col-100 elementor-top-column elementor-element elementor-element-95c3ac9\" data-id=\"95c3ac9\" data-element_type=\"column\" data-e-type=\"column\">\n\t\t\t<div class=\"elementor-widget-wrap elementor-element-populated\">\n\t\t\t\t\t\t<div class=\"elementor-element elementor-element-7970fd3 elementor-widget elementor-widget-text-editor\" data-id=\"7970fd3\" data-element_type=\"widget\" data-e-type=\"widget\" data-widget_type=\"text-editor.default\">\n\t\t\t\t<div class=\"elementor-widget-container\">\n\t\t\t\t\t\t\t\t\t<h2>\u00a1Descargue la aplicaci\u00f3n CommuteTracker de RideAmigos para registrar f\u00e1cilmente sus viajes diarios!<\/h2><p>Para comenzar, deber\u00e1 proporcionar la direcci\u00f3n de su hogar y trabajo. La aplicaci\u00f3n detectar\u00e1 autom\u00e1ticamente cu\u00e1ndo realiza los viajes entre su hogar y su lugar de trabajo. Despu\u00e9s de que su viaje ha sido detectado, deber\u00e1 confirmar el viaje para que se registre.<\/p><p><strong>La aplicaci\u00f3n CommuteTracker<\/strong> es gratis y est\u00e1 disponible en el <a href=\"https:\/\/apps.apple.com\/us\/app\/commute-tracker-by-rideamigos\/id1108794526\" target=\"_blank\" rel=\"noopener\">Apple App Store<\/a> y <a href=\"https:\/\/play.google.com\/store\/apps\/details?id=com.rideamigos.astro&amp;hl=en_US\" target=\"_blank\" rel=\"noopener\">Google Play Store<\/a>.<br \/><a href=\"https:\/\/help.rideamigos.com\/hc\/en-us\/sections\/360004005454-CommuteTracker\" target=\"_blank\" rel=\"noopener\">Haga clic aqu\u00ed para obtener detalles sobre c\u00f3mo usar la aplicaci\u00f3n CommuterTracker<\/a><\/p><p>Tambi\u00e9n puede registrar autom\u00e1ticamente viajes a trav\u00e9s de aplicaciones conectadas compatibles: Waze Carpool, Scoop y Strava. Visite la p\u00e1gina &quot;Aplicaciones conectadas&quot; dentro de su perfil de usuario de Get There para integrar las aplicaciones de conexi\u00f3n con su cuenta de Get There.<\/p><h3>M\u00e1s aplicaciones para ayudarlo a llegar all\u00ed<\/h3><h3><a href=\"https:\/\/ridewithgps.com\/\">Paseo con GPS<\/a><\/h3><p>Ride with GPS te ayuda a planificar la mejor ruta en bicicleta. \u00bfC\u00f3mo es eso? Ride with GPS utiliza la experiencia del ciclista para planificar mejor sus viajes.\u00a0<\/p><h3><a href=\"https:\/\/www.google.com\/maps\">mapas de Google<\/a><\/h3><p>Google Maps es una opci\u00f3n para planificar su viaje en tr\u00e1nsito y para obtener informaci\u00f3n de tr\u00e1fico en tiempo real. La mayor\u00eda de las agencias de tr\u00e1nsito integran el servicio de tr\u00e1nsito con Google Maps para brindarle informaci\u00f3n de viaje en tiempo real y actualizaciones del servicio.\u00a0<\/p><h3><a href=\"https:\/\/www.strava.com\" target=\"_blank\" rel=\"noopener\">Strava<\/a><\/h3><p>Strava se usa principalmente para rastrear en bicicleta, correr y caminar. Llegar all\u00ed tambi\u00e9n admitir\u00e1 una amplia gama de otros <a href=\"https:\/\/help.rideamigos.com\/strava-rideamigos\/#tab-id-3\" target=\"_blank\" rel=\"noopener\">servicios de seguimiento de actividad<\/a> que se sincronizan con Strava. Strava tambi\u00e9n se integra con Get There, que registra autom\u00e1ticamente sus viajes en Get There. \u00a1As\u00ed de f\u00e1cil!<\/p><h3><a href=\"https:\/\/mail.c-tran.com\/transit-app\">Aplicaci\u00f3n de tr\u00e1nsito<\/a><\/h3><p>Transit es la aplicaci\u00f3n m\u00f3vil oficial de C-Tran para la planificaci\u00f3n de viajes e informaci\u00f3n en tiempo real. Proporciona una poderosa herramienta que hace que los viajes sean fluidos para los usuarios en m\u00faltiples modos.<\/p><h3><a href=\"https:\/\/www.waze.com\/carpool\" target=\"_blank\" rel=\"noopener\">Waze Carpool<\/a><\/h3><p>Waze Carpool hace que sea f\u00e1cil encontrar y compartir el viaje con compa\u00f1eros de trabajo que ya usan la aplicaci\u00f3n. Conectar Waze Carpool con su perfil Get There le permitir\u00e1 registrar autom\u00e1ticamente sus viajes de carpool.<\/p>\t\t\t\t\t\t\t\t<\/div>\n\t\t\t\t<\/div>\n\t\t\t\t\t<\/div>\n\t\t<\/div>\n\t\t\t\t\t<\/div>\n\t\t<\/main>\n\t\t\t\t<\/div>","protected":false},"excerpt":{"rendered":"<p>Get Apps Download the CommuteTracker App by RideAmigos for an easy way to log your commute trips! To get started, you will need to provide your home and work address. The app will automatically detect when you make the trips between your home and work location. After your trip has been detected, you will need [&hellip;]<\/p>\n","protected":false},"author":4,"featured_media":0,"parent":0,"menu_order":0,"comment_status":"closed","ping_status":"closed","template":"elementor_header_footer","meta":{"_monsterinsights_skip_tracking":false,"_monsterinsights_sitenote_active":false,"_monsterinsights_sitenote_note":"","_monsterinsights_sitenote_category":0,"footnotes":""},"class_list":["post-847","page","type-page","status-publish","hentry"],"yoast_head":"<!-- This site is optimized with the Yoast SEO plugin v27.3 - https:\/\/yoast.com\/product\/yoast-seo-wordpress\/ -->\n<title>Get Apps - Get There Southwest WA<\/title>\n<meta name=\"robots\" content=\"index, follow, max-snippet:-1, max-image-preview:large, max-video-preview:-1\" \/>\n<link rel=\"canonical\" href=\"https:\/\/getthereswwashington.org\/es\/get-apps\/\" \/>\n<meta property=\"og:locale\" content=\"es_MX\" \/>\n<meta property=\"og:type\" content=\"article\" \/>\n<meta property=\"og:title\" content=\"Get Apps - Get There Southwest WA\" \/>\n<meta property=\"og:description\" content=\"Get Apps Download the CommuteTracker App by RideAmigos for an easy way to log your commute trips! To get started, you will need to provide your home and work address. The app will automatically detect when you make the trips between your home and work location. After your trip has been detected, you will need [&hellip;]\" \/>\n<meta property=\"og:url\" content=\"https:\/\/getthereswwashington.org\/es\/get-apps\/\" \/>\n<meta property=\"og:site_name\" content=\"Get There Southwest WA\" \/>\n<meta property=\"article:modified_time\" content=\"2026-01-24T04:10:13+00:00\" \/>\n<meta name=\"twitter:card\" content=\"summary_large_image\" \/>\n<meta name=\"twitter:label1\" content=\"Tiempo de lectura\" \/>\n\t<meta name=\"twitter:data1\" content=\"2 minutos\" \/>\n<script type=\"application\/ld+json\" class=\"yoast-schema-graph\">{\"@context\":\"https:\\\/\\\/schema.org\",\"@graph\":[{\"@type\":\"WebPage\",\"@id\":\"https:\\\/\\\/getthereswwashington.org\\\/get-apps\\\/\",\"url\":\"https:\\\/\\\/getthereswwashington.org\\\/get-apps\\\/\",\"name\":\"Get Apps - Get There Southwest WA\",\"isPartOf\":{\"@id\":\"https:\\\/\\\/getthereswwashington.org\\\/#website\"},\"datePublished\":\"2019-08-21T18:55:12+00:00\",\"dateModified\":\"2026-01-24T04:10:13+00:00\",\"breadcrumb\":{\"@id\":\"https:\\\/\\\/getthereswwashington.org\\\/get-apps\\\/#breadcrumb\"},\"inLanguage\":\"es\",\"potentialAction\":[{\"@type\":\"ReadAction\",\"target\":[\"https:\\\/\\\/getthereswwashington.org\\\/get-apps\\\/\"]}]},{\"@type\":\"BreadcrumbList\",\"@id\":\"https:\\\/\\\/getthereswwashington.org\\\/get-apps\\\/#breadcrumb\",\"itemListElement\":[{\"@type\":\"ListItem\",\"position\":1,\"name\":\"Home\",\"item\":\"https:\\\/\\\/getthereswwashington.org\\\/\"},{\"@type\":\"ListItem\",\"position\":2,\"name\":\"Get Apps\"}]},{\"@type\":\"WebSite\",\"@id\":\"https:\\\/\\\/getthereswwashington.org\\\/#website\",\"url\":\"https:\\\/\\\/getthereswwashington.org\\\/\",\"name\":\"Get There Southwest WA\",\"description\":\"\",\"publisher\":{\"@id\":\"https:\\\/\\\/getthereswwashington.org\\\/#organization\"},\"potentialAction\":[{\"@type\":\"SearchAction\",\"target\":{\"@type\":\"EntryPoint\",\"urlTemplate\":\"https:\\\/\\\/getthereswwashington.org\\\/?s={search_term_string}\"},\"query-input\":{\"@type\":\"PropertyValueSpecification\",\"valueRequired\":true,\"valueName\":\"search_term_string\"}}],\"inLanguage\":\"es\"},{\"@type\":\"Organization\",\"@id\":\"https:\\\/\\\/getthereswwashington.org\\\/#organization\",\"name\":\"Get There SW Washington\",\"url\":\"https:\\\/\\\/getthereswwashington.org\\\/\",\"logo\":{\"@type\":\"ImageObject\",\"inLanguage\":\"es\",\"@id\":\"https:\\\/\\\/getthereswwashington.org\\\/#\\\/schema\\\/logo\\\/image\\\/\",\"url\":\"https:\\\/\\\/getthereswwashington.org\\\/wp-content\\\/uploads\\\/Get-There-SWWA-Logo-Primary.png\",\"contentUrl\":\"https:\\\/\\\/getthereswwashington.org\\\/wp-content\\\/uploads\\\/Get-There-SWWA-Logo-Primary.png\",\"width\":381,\"height\":119,\"caption\":\"Get There SW Washington\"},\"image\":{\"@id\":\"https:\\\/\\\/getthereswwashington.org\\\/#\\\/schema\\\/logo\\\/image\\\/\"}}]}<\/script>\n<!-- \/ Yoast SEO plugin. -->","yoast_head_json":{"title":"Obtener aplicaciones - Llegar al suroeste de WA","robots":{"index":"index","follow":"follow","max-snippet":"max-snippet:-1","max-image-preview":"max-image-preview:large","max-video-preview":"max-video-preview:-1"},"canonical":"https:\/\/getthereswwashington.org\/es\/get-apps\/","og_locale":"es_MX","og_type":"article","og_title":"Get Apps - Get There Southwest WA","og_description":"Get Apps Download the CommuteTracker App by RideAmigos for an easy way to log your commute trips! To get started, you will need to provide your home and work address. The app will automatically detect when you make the trips between your home and work location. After your trip has been detected, you will need [&hellip;]","og_url":"https:\/\/getthereswwashington.org\/es\/get-apps\/","og_site_name":"Get There Southwest WA","article_modified_time":"2026-01-24T04:10:13+00:00","twitter_card":"summary_large_image","twitter_misc":{"Tiempo de lectura":"2 minutos"},"schema":{"@context":"https:\/\/schema.org","@graph":[{"@type":"WebPage","@id":"https:\/\/getthereswwashington.org\/get-apps\/","url":"https:\/\/getthereswwashington.org\/get-apps\/","name":"Obtener aplicaciones - Llegar al suroeste de WA","isPartOf":{"@id":"https:\/\/getthereswwashington.org\/#website"},"datePublished":"2019-08-21T18:55:12+00:00","dateModified":"2026-01-24T04:10:13+00:00","breadcrumb":{"@id":"https:\/\/getthereswwashington.org\/get-apps\/#breadcrumb"},"inLanguage":"es","potentialAction":[{"@type":"ReadAction","target":["https:\/\/getthereswwashington.org\/get-apps\/"]}]},{"@type":"BreadcrumbList","@id":"https:\/\/getthereswwashington.org\/get-apps\/#breadcrumb","itemListElement":[{"@type":"ListItem","position":1,"name":"Home","item":"https:\/\/getthereswwashington.org\/"},{"@type":"ListItem","position":2,"name":"Get Apps"}]},{"@type":"WebSite","@id":"https:\/\/getthereswwashington.org\/#website","url":"https:\/\/getthereswwashington.org\/","name":"Llegar al suroeste de WA","description":"","publisher":{"@id":"https:\/\/getthereswwashington.org\/#organization"},"potentialAction":[{"@type":"SearchAction","target":{"@type":"EntryPoint","urlTemplate":"https:\/\/getthereswwashington.org\/?s={search_term_string}"},"query-input":{"@type":"PropertyValueSpecification","valueRequired":true,"valueName":"search_term_string"}}],"inLanguage":"es"},{"@type":"Organization","@id":"https:\/\/getthereswwashington.org\/#organization","name":"Llegar al suroeste de Washington","url":"https:\/\/getthereswwashington.org\/","logo":{"@type":"ImageObject","inLanguage":"es","@id":"https:\/\/getthereswwashington.org\/#\/schema\/logo\/image\/","url":"https:\/\/getthereswwashington.org\/wp-content\/uploads\/Get-There-SWWA-Logo-Primary.png","contentUrl":"https:\/\/getthereswwashington.org\/wp-content\/uploads\/Get-There-SWWA-Logo-Primary.png","width":381,"height":119,"caption":"Get There SW Washington"},"image":{"@id":"https:\/\/getthereswwashington.org\/#\/schema\/logo\/image\/"}}]}},"_links":{"self":[{"href":"https:\/\/getthereswwashington.org\/es\/wp-json\/wp\/v2\/pages\/847","targetHints":{"allow":["GET"]}}],"collection":[{"href":"https:\/\/getthereswwashington.org\/es\/wp-json\/wp\/v2\/pages"}],"about":[{"href":"https:\/\/getthereswwashington.org\/es\/wp-json\/wp\/v2\/types\/page"}],"author":[{"embeddable":true,"href":"https:\/\/getthereswwashington.org\/es\/wp-json\/wp\/v2\/users\/4"}],"replies":[{"embeddable":true,"href":"https:\/\/getthereswwashington.org\/es\/wp-json\/wp\/v2\/comments?post=847"}],"version-history":[{"count":34,"href":"https:\/\/getthereswwashington.org\/es\/wp-json\/wp\/v2\/pages\/847\/revisions"}],"predecessor-version":[{"id":4111,"href":"https:\/\/getthereswwashington.org\/es\/wp-json\/wp\/v2\/pages\/847\/revisions\/4111"}],"wp:attachment":[{"href":"https:\/\/getthereswwashington.org\/es\/wp-json\/wp\/v2\/media?parent=847"}],"curies":[{"name":"gracias","href":"https:\/\/api.w.org\/{rel}","templated":true}]}}